{"id":205,"date":"2023-01-10T18:00:44","date_gmt":"2023-01-10T18:00:44","guid":{"rendered":"https:\/\/paulorabeloneto.com.br\/?page_id=205"},"modified":"2023-01-11T03:22:08","modified_gmt":"2023-01-11T03:22:08","slug":"paulo-rabelo-neto-odontologia","status":"publish","type":"page","link":"https:\/\/paulorabeloneto.com.br\/","title":{"rendered":"Paulo Rabelo Neto Odontologia"},"content":{"rendered":"<div id=\"pl-205\"  class=\"panel-layout\" ><div id=\"pg-205-0\"  class=\"panel-grid panel-has-style\" ><div class=\"siteorigin-panels-stretch panel-row-style panel-row-style-for-205-0\" style=\"padding: 100px 0; \" data-stretch-type=\"full\" data-overlay=\"true\" data-overlay-color=\"#000000\" ><div id=\"pgc-205-0-0\"  class=\"panel-grid-cell panel-grid-cell-empty\" ><\/div><div id=\"pgc-205-0-1\"  class=\"panel-grid-cell\" ><div id=\"panel-205-0-1-0\" class=\"so-panel widget widget_sow-editor panel-first-child\" data-index=\"0\" ><div style=\"text-align: left;\" data-title-color=\"#443f3f\" data-headings-color=\"#443f3f\" class=\"panel-widget-style panel-widget-style-for-205-0-1-0\" ><div\n\t\t\t\n\t\t\tclass=\"so-widget-sow-editor so-widget-sow-editor-base\"\n\t\t\t\n\t\t>\n<div class=\"siteorigin-widget-tinymce textwidget\">\n\t<h4 style=\"text-align: center;\"><strong><img loading=\"lazy\" decoding=\"async\" class=\"aligncenter size-thumbnail wp-image-1134\" src=\"http:\/\/paulorabeloneto.com.br\/wp-content\/uploads\/2023\/01\/clareamento-150x150.png\" alt=\"\" width=\"150\" height=\"150\" srcset=\"https:\/\/paulorabeloneto.com.br\/wp-content\/uploads\/2023\/01\/clareamento-150x150.png 150w, https:\/\/paulorabeloneto.com.br\/wp-content\/uploads\/2023\/01\/clareamento-300x300.png 300w, https:\/\/paulorabeloneto.com.br\/wp-content\/uploads\/2023\/01\/clareamento-230x231.png 230w, https:\/\/paulorabeloneto.com.br\/wp-content\/uploads\/2023\/01\/clareamento.png 314w\" sizes=\"(max-width: 150px) 100vw, 150px\" \/><\/strong><\/h4>\n<h5 style=\"text-align: center;\"><strong>Clareamento Dental <\/strong><\/h5>\n<\/div>\n<\/div><\/div><\/div><div id=\"panel-205-0-1-1\" class=\"so-panel widget widget_sow-editor\" data-index=\"1\" ><div style=\"text-align: left;\" data-title-color=\"#443f3f\" data-headings-color=\"#443f3f\" class=\"panel-widget-style panel-widget-style-for-205-0-1-1\" ><div\n\t\t\t\n\t\t\tclass=\"so-widget-sow-editor so-widget-sow-editor-base\"\n\t\t\t\n\t\t>\n<div class=\"siteorigin-widget-tinymce textwidget\">\n\t<h4 style=\"text-align: center;\"><strong><img loading=\"lazy\" decoding=\"async\" class=\"aligncenter wp-image-1139 size-thumbnail\" src=\"http:\/\/paulorabeloneto.com.br\/wp-content\/uploads\/2023\/01\/preventiva-150x150.png\" alt=\"\" width=\"150\" height=\"150\" srcset=\"https:\/\/paulorabeloneto.com.br\/wp-content\/uploads\/2023\/01\/preventiva-150x150.png 150w, https:\/\/paulorabeloneto.com.br\/wp-content\/uploads\/2023\/01\/preventiva-300x300.png 300w, https:\/\/paulorabeloneto.com.br\/wp-content\/uploads\/2023\/01\/preventiva-230x230.png 230w, https:\/\/paulorabeloneto.com.br\/wp-content\/uploads\/2023\/01\/preventiva.png 314w\" sizes=\"(max-width: 150px) 100vw, 150px\" \/><\/strong><\/h4>\n<h5 style=\"text-align: center;\"><strong>Odontologia Preventiva<\/strong><\/h5>\n<\/div>\n<\/div><\/div><\/div><div id=\"panel-205-0-1-2\" class=\"so-panel widget widget_sow-editor panel-last-child\" data-index=\"2\" ><div style=\"text-align: left;\" data-title-color=\"#443f3f\" data-headings-color=\"#443f3f\" class=\"panel-widget-style panel-widget-style-for-205-0-1-2\" ><div\n\t\t\t\n\t\t\tclass=\"so-widget-sow-editor so-widget-sow-editor-base\"\n\t\t\t\n\t\t>\n<div class=\"siteorigin-widget-tinymce textwidget\">\n\t<h4 style=\"text-align: center;\"><strong><img loading=\"lazy\" decoding=\"async\" class=\"aligncenter size-thumbnail wp-image-1137\" src=\"http:\/\/paulorabeloneto.com.br\/wp-content\/uploads\/2023\/01\/implante-dentario-150x150.png\" alt=\"\" width=\"150\" height=\"150\" srcset=\"https:\/\/paulorabeloneto.com.br\/wp-content\/uploads\/2023\/01\/implante-dentario-150x150.png 150w, https:\/\/paulorabeloneto.com.br\/wp-content\/uploads\/2023\/01\/implante-dentario-300x300.png 300w, https:\/\/paulorabeloneto.com.br\/wp-content\/uploads\/2023\/01\/implante-dentario-230x230.png 230w, https:\/\/paulorabeloneto.com.br\/wp-content\/uploads\/2023\/01\/implante-dentario.png 315w\" sizes=\"(max-width: 150px) 100vw, 150px\" \/><\/strong><\/h4>\n<h5 style=\"text-align: center;\"><strong>Implante Dent\u00e1rio<\/strong><\/h5>\n<\/div>\n<\/div><\/div><\/div><\/div><div id=\"pgc-205-0-2\"  class=\"panel-grid-cell\" ><div id=\"panel-205-0-2-0\" class=\"so-panel widget widget_sow-editor panel-first-child\" data-index=\"3\" ><div style=\"text-align: left;\" data-title-color=\"#443f3f\" data-headings-color=\"#443f3f\" class=\"panel-widget-style panel-widget-style-for-205-0-2-0\" ><div\n\t\t\t\n\t\t\tclass=\"so-widget-sow-editor so-widget-sow-editor-base\"\n\t\t\t\n\t\t>\n<div class=\"siteorigin-widget-tinymce textwidget\">\n\t<h4 style=\"text-align: center;\"><strong><img loading=\"lazy\" decoding=\"async\" class=\"aligncenter wp-image-1135 size-thumbnail\" src=\"http:\/\/paulorabeloneto.com.br\/wp-content\/uploads\/2023\/01\/protese-dentaria-fixa-150x150.png\" alt=\"\" width=\"150\" height=\"150\" srcset=\"https:\/\/paulorabeloneto.com.br\/wp-content\/uploads\/2023\/01\/protese-dentaria-fixa-150x150.png 150w, https:\/\/paulorabeloneto.com.br\/wp-content\/uploads\/2023\/01\/protese-dentaria-fixa-300x300.png 300w, https:\/\/paulorabeloneto.com.br\/wp-content\/uploads\/2023\/01\/protese-dentaria-fixa-230x231.png 230w, https:\/\/paulorabeloneto.com.br\/wp-content\/uploads\/2023\/01\/protese-dentaria-fixa.png 314w\" sizes=\"(max-width: 150px) 100vw, 150px\" \/><\/strong><\/h4>\n<h5 style=\"text-align: center;\"><strong>Pr\u00f3tese Dent\u00e1ria Fixa<\/strong><\/h5>\n<\/div>\n<\/div><\/div><\/div><div id=\"panel-205-0-2-1\" class=\"so-panel widget widget_sow-editor\" data-index=\"4\" ><div style=\"text-align: left;\" data-title-color=\"#443f3f\" data-headings-color=\"#443f3f\" class=\"panel-widget-style panel-widget-style-for-205-0-2-1\" ><div\n\t\t\t\n\t\t\tclass=\"so-widget-sow-editor so-widget-sow-editor-base\"\n\t\t\t\n\t\t>\n<div class=\"siteorigin-widget-tinymce textwidget\">\n\t<h4 style=\"text-align: center;\"><strong><img loading=\"lazy\" decoding=\"async\" class=\"aligncenter wp-image-1143 size-thumbnail\" src=\"http:\/\/paulorabeloneto.com.br\/wp-content\/uploads\/2023\/01\/fluor-150x150.png\" alt=\"\" width=\"150\" height=\"150\" srcset=\"https:\/\/paulorabeloneto.com.br\/wp-content\/uploads\/2023\/01\/fluor-150x150.png 150w, https:\/\/paulorabeloneto.com.br\/wp-content\/uploads\/2023\/01\/fluor-300x300.png 300w, https:\/\/paulorabeloneto.com.br\/wp-content\/uploads\/2023\/01\/fluor-230x230.png 230w, https:\/\/paulorabeloneto.com.br\/wp-content\/uploads\/2023\/01\/fluor.png 314w\" sizes=\"(max-width: 150px) 100vw, 150px\" \/><\/strong><\/h4>\n<h5 style=\"text-align: center;\"><strong>Aplica\u00e7\u00e3o de Fl\u00faor<\/strong><\/h5>\n<\/div>\n<\/div><\/div><\/div><div id=\"panel-205-0-2-2\" class=\"so-panel widget widget_sow-editor panel-last-child\" data-index=\"5\" ><div style=\"text-align: left;\" data-title-color=\"#443f3f\" data-headings-color=\"#443f3f\" class=\"panel-widget-style panel-widget-style-for-205-0-2-2\" ><div\n\t\t\t\n\t\t\tclass=\"so-widget-sow-editor so-widget-sow-editor-base\"\n\t\t\t\n\t\t>\n<div class=\"siteorigin-widget-tinymce textwidget\">\n\t<h4 style=\"text-align: center;\"><strong><img loading=\"lazy\" decoding=\"async\" class=\"aligncenter wp-image-1144 size-thumbnail\" src=\"http:\/\/paulorabeloneto.com.br\/wp-content\/uploads\/2023\/01\/enxerto-150x150.png\" alt=\"\" width=\"150\" height=\"150\" srcset=\"https:\/\/paulorabeloneto.com.br\/wp-content\/uploads\/2023\/01\/enxerto-150x150.png 150w, https:\/\/paulorabeloneto.com.br\/wp-content\/uploads\/2023\/01\/enxerto-300x300.png 300w, https:\/\/paulorabeloneto.com.br\/wp-content\/uploads\/2023\/01\/enxerto-230x230.png 230w, https:\/\/paulorabeloneto.com.br\/wp-content\/uploads\/2023\/01\/enxerto.png 314w\" sizes=\"(max-width: 150px) 100vw, 150px\" \/><\/strong><\/h4>\n<h5 style=\"text-align: center;\"><strong>Enxerto \u00d3sseo no implante dent\u00e1rio<\/strong><\/h5>\n<\/div>\n<\/div><\/div><\/div><\/div><div id=\"pgc-205-0-3\"  class=\"panel-grid-cell\" ><div id=\"panel-205-0-3-0\" class=\"so-panel widget widget_sow-editor panel-first-child\" data-index=\"6\" ><div style=\"text-align: left;\" data-title-color=\"#443f3f\" data-headings-color=\"#443f3f\" class=\"panel-widget-style panel-widget-style-for-205-0-3-0\" ><div\n\t\t\t\n\t\t\tclass=\"so-widget-sow-editor so-widget-sow-editor-base\"\n\t\t\t\n\t\t>\n<div class=\"siteorigin-widget-tinymce textwidget\">\n\t<h4 style=\"text-align: center;\"><strong><img loading=\"lazy\" decoding=\"async\" class=\"aligncenter wp-image-1136 size-thumbnail\" src=\"http:\/\/paulorabeloneto.com.br\/wp-content\/uploads\/2023\/01\/sensibilidade-150x150.png\" alt=\"\" width=\"150\" height=\"150\" srcset=\"https:\/\/paulorabeloneto.com.br\/wp-content\/uploads\/2023\/01\/sensibilidade-150x150.png 150w, https:\/\/paulorabeloneto.com.br\/wp-content\/uploads\/2023\/01\/sensibilidade-300x300.png 300w, https:\/\/paulorabeloneto.com.br\/wp-content\/uploads\/2023\/01\/sensibilidade-230x231.png 230w, https:\/\/paulorabeloneto.com.br\/wp-content\/uploads\/2023\/01\/sensibilidade.png 314w\" sizes=\"(max-width: 150px) 100vw, 150px\" \/><\/strong><\/h4>\n<h5 style=\"text-align: center;\"><strong>Sensibilidade nos Dentes<\/strong><\/h5>\n<\/div>\n<\/div><\/div><\/div><div id=\"panel-205-0-3-1\" class=\"so-panel widget widget_sow-editor\" data-index=\"7\" ><div style=\"text-align: left;\" data-title-color=\"#443f3f\" data-headings-color=\"#443f3f\" class=\"panel-widget-style panel-widget-style-for-205-0-3-1\" ><div\n\t\t\t\n\t\t\tclass=\"so-widget-sow-editor so-widget-sow-editor-base\"\n\t\t\t\n\t\t>\n<div class=\"siteorigin-widget-tinymce textwidget\">\n\t<h4 style=\"text-align: center;\"><strong><img loading=\"lazy\" decoding=\"async\" class=\"aligncenter wp-image-1132 size-thumbnail\" src=\"http:\/\/paulorabeloneto.com.br\/wp-content\/uploads\/2023\/01\/protese-sob-implante-150x150.png\" alt=\"\" width=\"150\" height=\"150\" srcset=\"https:\/\/paulorabeloneto.com.br\/wp-content\/uploads\/2023\/01\/protese-sob-implante-150x150.png 150w, https:\/\/paulorabeloneto.com.br\/wp-content\/uploads\/2023\/01\/protese-sob-implante-300x300.png 300w, https:\/\/paulorabeloneto.com.br\/wp-content\/uploads\/2023\/01\/protese-sob-implante-230x230.png 230w, https:\/\/paulorabeloneto.com.br\/wp-content\/uploads\/2023\/01\/protese-sob-implante.png 314w\" sizes=\"(max-width: 150px) 100vw, 150px\" \/><\/strong><\/h4>\n<h5 style=\"text-align: center;\"><strong>Pr\u00f3tese sob Implantes<\/strong><\/h5>\n<\/div>\n<\/div><\/div><\/div><div id=\"panel-205-0-3-2\" class=\"so-panel widget widget_sow-editor panel-last-child\" data-index=\"8\" ><div style=\"text-align: left;\" data-title-color=\"#443f3f\" data-headings-color=\"#443f3f\" class=\"panel-widget-style panel-widget-style-for-205-0-3-2\" ><div\n\t\t\t\n\t\t\tclass=\"so-widget-sow-editor so-widget-sow-editor-base\"\n\t\t\t\n\t\t>\n<div class=\"siteorigin-widget-tinymce textwidget\">\n\t<h4 style=\"text-align: center;\"><strong><img loading=\"lazy\" decoding=\"async\" class=\"aligncenter wp-image-1133 size-thumbnail\" src=\"http:\/\/paulorabeloneto.com.br\/wp-content\/uploads\/2023\/01\/siso-150x150.png\" alt=\"\" width=\"150\" height=\"150\" srcset=\"https:\/\/paulorabeloneto.com.br\/wp-content\/uploads\/2023\/01\/siso-150x150.png 150w, https:\/\/paulorabeloneto.com.br\/wp-content\/uploads\/2023\/01\/siso-300x297.png 300w, https:\/\/paulorabeloneto.com.br\/wp-content\/uploads\/2023\/01\/siso-230x228.png 230w, https:\/\/paulorabeloneto.com.br\/wp-content\/uploads\/2023\/01\/siso.png 317w\" sizes=\"(max-width: 150px) 100vw, 150px\" \/><\/strong><\/h4>\n<h5 style=\"text-align: center;\"><strong>Dentes do Siso<\/strong><\/h5>\n<\/div>\n<\/div><\/div><\/div><\/div><div id=\"pgc-205-0-4\"  class=\"panel-grid-cell\" ><div id=\"panel-205-0-4-0\" class=\"so-panel widget widget_sow-editor panel-first-child\" data-index=\"9\" ><div style=\"text-align: left;\" data-title-color=\"#443f3f\" data-headings-color=\"#443f3f\" class=\"panel-widget-style panel-widget-style-for-205-0-4-0\" ><div\n\t\t\t\n\t\t\tclass=\"so-widget-sow-editor so-widget-sow-editor-base\"\n\t\t\t\n\t\t>\n<div class=\"siteorigin-widget-tinymce textwidget\">\n\t<h4 style=\"text-align: center;\"><strong><img loading=\"lazy\" decoding=\"async\" class=\"aligncenter wp-image-1141 size-thumbnail\" src=\"http:\/\/paulorabeloneto.com.br\/wp-content\/uploads\/2023\/01\/canal-150x150.png\" alt=\"\" width=\"150\" height=\"150\" srcset=\"https:\/\/paulorabeloneto.com.br\/wp-content\/uploads\/2023\/01\/canal-150x150.png 150w, https:\/\/paulorabeloneto.com.br\/wp-content\/uploads\/2023\/01\/canal-300x300.png 300w, https:\/\/paulorabeloneto.com.br\/wp-content\/uploads\/2023\/01\/canal-230x230.png 230w, https:\/\/paulorabeloneto.com.br\/wp-content\/uploads\/2023\/01\/canal.png 314w\" sizes=\"(max-width: 150px) 100vw, 150px\" \/><\/strong><\/h4>\n<h5 style=\"text-align: center;\"><strong>Tratamento de Canal no Dente<\/strong><\/h5>\n<\/div>\n<\/div><\/div><\/div><div id=\"panel-205-0-4-1\" class=\"so-panel widget widget_sow-editor\" data-index=\"10\" ><div style=\"text-align: left;\" data-title-color=\"#443f3f\" data-headings-color=\"#443f3f\" class=\"panel-widget-style panel-widget-style-for-205-0-4-1\" ><div\n\t\t\t\n\t\t\tclass=\"so-widget-sow-editor so-widget-sow-editor-base\"\n\t\t\t\n\t\t>\n<div class=\"siteorigin-widget-tinymce textwidget\">\n\t<h4 style=\"text-align: center;\"><strong><img loading=\"lazy\" decoding=\"async\" class=\"aligncenter wp-image-1140 size-thumbnail\" src=\"http:\/\/paulorabeloneto.com.br\/wp-content\/uploads\/2023\/01\/aparelho-150x150.png\" alt=\"\" width=\"150\" height=\"150\" srcset=\"https:\/\/paulorabeloneto.com.br\/wp-content\/uploads\/2023\/01\/aparelho-150x150.png 150w, https:\/\/paulorabeloneto.com.br\/wp-content\/uploads\/2023\/01\/aparelho-300x300.png 300w, https:\/\/paulorabeloneto.com.br\/wp-content\/uploads\/2023\/01\/aparelho-230x230.png 230w, https:\/\/paulorabeloneto.com.br\/wp-content\/uploads\/2023\/01\/aparelho.png 314w\" sizes=\"(max-width: 150px) 100vw, 150px\" \/><\/strong><\/h4>\n<h5 style=\"text-align: center;\"><strong>Aparelhos Fixos e M\u00f3veis<\/strong><\/h5>\n<\/div>\n<\/div><\/div><\/div><div id=\"panel-205-0-4-2\" class=\"so-panel widget widget_sow-editor panel-last-child\" data-index=\"11\" ><div style=\"text-align: left;\" data-title-color=\"#443f3f\" data-headings-color=\"#443f3f\" class=\"panel-widget-style panel-widget-style-for-205-0-4-2\" ><div\n\t\t\t\n\t\t\tclass=\"so-widget-sow-editor so-widget-sow-editor-base\"\n\t\t\t\n\t\t>\n<div class=\"siteorigin-widget-tinymce textwidget\">\n\t<h4 style=\"text-align: center;\"><strong><img loading=\"lazy\" decoding=\"async\" class=\"aligncenter wp-image-1145 size-thumbnail\" src=\"http:\/\/paulorabeloneto.com.br\/wp-content\/uploads\/2023\/01\/periodontite-150x150.png\" alt=\"\" width=\"150\" height=\"150\" srcset=\"https:\/\/paulorabeloneto.com.br\/wp-content\/uploads\/2023\/01\/periodontite-150x150.png 150w, https:\/\/paulorabeloneto.com.br\/wp-content\/uploads\/2023\/01\/periodontite-300x300.png 300w, https:\/\/paulorabeloneto.com.br\/wp-content\/uploads\/2023\/01\/periodontite-230x230.png 230w, https:\/\/paulorabeloneto.com.br\/wp-content\/uploads\/2023\/01\/periodontite.png 314w\" sizes=\"(max-width: 150px) 100vw, 150px\" \/><\/strong><\/h4>\n<h5 style=\"text-align: center;\"><strong>Periodontite<\/strong><\/h5>\n<\/div>\n<\/div><\/div><\/div><\/div><div id=\"pgc-205-0-5\"  class=\"panel-grid-cell panel-grid-cell-mobile-last\" ><div id=\"panel-205-0-5-0\" class=\"so-panel widget widget_sow-editor panel-first-child\" data-index=\"12\" ><div style=\"text-align: left;\" data-title-color=\"#443f3f\" data-headings-color=\"#443f3f\" class=\"panel-widget-style panel-widget-style-for-205-0-5-0\" ><div\n\t\t\t\n\t\t\tclass=\"so-widget-sow-editor so-widget-sow-editor-base\"\n\t\t\t\n\t\t>\n<div class=\"siteorigin-widget-tinymce textwidget\">\n\t<h4 style=\"text-align: center;\"><strong><img loading=\"lazy\" decoding=\"async\" class=\"aligncenter size-thumbnail wp-image-1138\" src=\"http:\/\/paulorabeloneto.com.br\/wp-content\/uploads\/2023\/01\/estetica-150x150.png\" alt=\"\" width=\"150\" height=\"150\" srcset=\"https:\/\/paulorabeloneto.com.br\/wp-content\/uploads\/2023\/01\/estetica-150x150.png 150w, https:\/\/paulorabeloneto.com.br\/wp-content\/uploads\/2023\/01\/estetica-300x300.png 300w, https:\/\/paulorabeloneto.com.br\/wp-content\/uploads\/2023\/01\/estetica-230x231.png 230w, https:\/\/paulorabeloneto.com.br\/wp-content\/uploads\/2023\/01\/estetica.png 314w\" sizes=\"(max-width: 150px) 100vw, 150px\" \/><\/strong><\/h4>\n<h5 style=\"text-align: center;\"><strong>Odontologia Est\u00e9tica<\/strong><\/h5>\n<\/div>\n<\/div><\/div><\/div><div id=\"panel-205-0-5-1\" class=\"so-panel widget widget_sow-editor\" data-index=\"13\" ><div style=\"text-align: left;\" data-title-color=\"#443f3f\" data-headings-color=\"#443f3f\" class=\"panel-widget-style panel-widget-style-for-205-0-5-1\" ><div\n\t\t\t\n\t\t\tclass=\"so-widget-sow-editor so-widget-sow-editor-base\"\n\t\t\t\n\t\t>\n<div class=\"siteorigin-widget-tinymce textwidget\">\n\t<h4 style=\"text-align: center;\"><strong><img loading=\"lazy\" decoding=\"async\" class=\"aligncenter wp-image-1142 size-thumbnail\" src=\"http:\/\/paulorabeloneto.com.br\/wp-content\/uploads\/2023\/01\/restauradora-150x150.png\" alt=\"\" width=\"150\" height=\"150\" srcset=\"https:\/\/paulorabeloneto.com.br\/wp-content\/uploads\/2023\/01\/restauradora-150x150.png 150w, https:\/\/paulorabeloneto.com.br\/wp-content\/uploads\/2023\/01\/restauradora-300x300.png 300w, https:\/\/paulorabeloneto.com.br\/wp-content\/uploads\/2023\/01\/restauradora-230x230.png 230w, https:\/\/paulorabeloneto.com.br\/wp-content\/uploads\/2023\/01\/restauradora.png 314w\" sizes=\"(max-width: 150px) 100vw, 150px\" \/><\/strong><\/h4>\n<h5 style=\"text-align: center;\"><strong>Odontologia Restauradora<\/strong><\/h5>\n<\/div>\n<\/div><\/div><\/div><div id=\"panel-205-0-5-2\" class=\"so-panel widget widget_sow-editor panel-last-child\" data-index=\"14\" ><div style=\"text-align: left;\" data-title-color=\"#443f3f\" data-headings-color=\"#443f3f\" class=\"panel-widget-style panel-widget-style-for-205-0-5-2\" ><div\n\t\t\t\n\t\t\tclass=\"so-widget-sow-editor so-widget-sow-editor-base\"\n\t\t\t\n\t\t>\n<div class=\"siteorigin-widget-tinymce textwidget\">\n\t<h4 style=\"text-align: center;\"><strong><img loading=\"lazy\" decoding=\"async\" class=\"aligncenter wp-image-1131 size-thumbnail\" src=\"http:\/\/paulorabeloneto.com.br\/wp-content\/uploads\/2023\/01\/gengivite-150x150.png\" alt=\"\" width=\"150\" height=\"150\" srcset=\"https:\/\/paulorabeloneto.com.br\/wp-content\/uploads\/2023\/01\/gengivite-150x150.png 150w, https:\/\/paulorabeloneto.com.br\/wp-content\/uploads\/2023\/01\/gengivite-300x300.png 300w, https:\/\/paulorabeloneto.com.br\/wp-content\/uploads\/2023\/01\/gengivite-230x229.png 230w, https:\/\/paulorabeloneto.com.br\/wp-content\/uploads\/2023\/01\/gengivite.png 315w\" sizes=\"(max-width: 150px) 100vw, 150px\" \/><\/strong><\/h4>\n<h5 style=\"text-align: center;\"><strong>Gengivite<\/strong><\/h5>\n<\/div>\n<\/div><\/div><\/div><\/div><div id=\"pgc-205-0-6\"  class=\"panel-grid-cell panel-grid-cell-empty\" ><\/div><\/div><\/div><div id=\"pg-205-1\"  class=\"panel-grid panel-has-style\" ><div class=\"siteorigin-panels-stretch panel-row-style panel-row-style-for-205-1\" style=\"padding: 50px 0; \" data-stretch-type=\"full-stretched\" data-overlay=\"true\" data-overlay-color=\"#000000\" ><div id=\"pgc-205-1-0\"  class=\"panel-grid-cell panel-grid-cell-empty\" ><\/div><div id=\"pgc-205-1-1\"  class=\"panel-grid-cell\" ><div id=\"panel-205-1-1-0\" class=\"so-panel widget widget_sow-editor panel-first-child panel-last-child\" data-index=\"15\" ><div style=\"text-align: left;\" data-title-color=\"#443f3f\" data-headings-color=\"#443f3f\" class=\"panel-widget-style panel-widget-style-for-205-1-1-0\" ><div\n\t\t\t\n\t\t\tclass=\"so-widget-sow-editor so-widget-sow-editor-base\"\n\t\t\t\n\t\t><h3 class=\"widget-title\">PROFISSIONAL<\/h3>\n<div class=\"siteorigin-widget-tinymce textwidget\">\n\t<h3>Dentista Dr. Paulo Rabelo Neto<\/h3>\n<h5>Especialista em Pr\u00f3tese pela ABO de Alfenas\/MG<\/h5>\n<h5>Dr. Paulo Rabelo Neto (CROMG 31063) \u00e9 dentista em MG, tem mais de 21 anos de experi\u00eancia em odontologia. \u00c9 P\u00f3s-Graduado em Ortodontia e Dent\u00edstica.<\/h5>\n<p>&nbsp;<\/p>\n<\/div>\n<\/div><\/div><\/div><\/div><div id=\"pgc-205-1-2\"  class=\"panel-grid-cell panel-grid-cell-mobile-last\" ><div id=\"panel-205-1-2-0\" class=\"so-panel widget widget_sow-image panel-first-child panel-last-child\" data-index=\"16\" ><div style=\"text-align: left;\" data-title-color=\"#443f3f\" data-headings-color=\"#443f3f\" class=\"panel-widget-style panel-widget-style-for-205-1-2-0\" ><div\n\t\t\t\n\t\t\tclass=\"so-widget-sow-image so-widget-sow-image-default-8b5b6f678277-205\"\n\t\t\t\n\t\t>\n\n<div class=\"sow-image-container\">\n\t\t<img loading=\"lazy\" decoding=\"async\" src=\"https:\/\/paulorabeloneto.com.br\/wp-content\/uploads\/2023\/01\/consultorio.jpg\" width=\"480\" height=\"640\" srcset=\"https:\/\/paulorabeloneto.com.br\/wp-content\/uploads\/2023\/01\/consultorio.jpg 480w, https:\/\/paulorabeloneto.com.br\/wp-content\/uploads\/2023\/01\/consultorio-225x300.jpg 225w, https:\/\/paulorabeloneto.com.br\/wp-content\/uploads\/2023\/01\/consultorio-230x307.jpg 230w, https:\/\/paulorabeloneto.com.br\/wp-content\/uploads\/2023\/01\/consultorio-350x467.jpg 350w\" sizes=\"(max-width: 480px) 100vw, 480px\" alt=\"Consultorio\" \t\tclass=\"so-widget-image\"\/>\n\t<\/div>\n\n<\/div><\/div><\/div><\/div><div id=\"pgc-205-1-3\"  class=\"panel-grid-cell panel-grid-cell-empty\" ><\/div><\/div><\/div><div id=\"pg-205-2\"  class=\"panel-grid panel-has-style\" ><div class=\"siteorigin-panels-stretch panel-row-style panel-row-style-for-205-2\" style=\"text-align: center;padding: 200px 0; \" data-stretch-type=\"full-stretched\" data-overlay=\"true\" data-overlay-color=\"#000000\" ><div id=\"pgc-205-2-0\"  class=\"panel-grid-cell\" ><div id=\"panel-205-2-0-0\" class=\"so-panel widget widget_sow-editor panel-first-child\" data-index=\"17\" ><div style=\"text-align: center;\" data-title-color=\"#ffffff\" data-headings-color=\"#ffffff\" class=\"panel-widget-style panel-widget-style-for-205-2-0-0\" ><div\n\t\t\t\n\t\t\tclass=\"so-widget-sow-editor so-widget-sow-editor-base\"\n\t\t\t\n\t\t><h3 class=\"widget-title\">Fale conosco<\/h3>\n<div class=\"siteorigin-widget-tinymce textwidget\">\n\t<h2 style=\"text-align: center;\">(31) 3309-7486<\/h2>\n<h2 style=\"text-align: center;\">(31) <strong>99183-7317<\/strong><\/h2>\n<\/div>\n<\/div><\/div><\/div><div id=\"panel-205-2-0-1\" class=\"so-panel widget widget_sow-button panel-last-child\" data-index=\"18\" ><div style=\"text-align: left;\" data-title-color=\"#443f3f\" data-headings-color=\"#443f3f\" class=\"panel-widget-style panel-widget-style-for-205-2-0-1\" ><div\n\t\t\t\n\t\t\tclass=\"so-widget-sow-button so-widget-sow-button-wire-ca4bf55472cc-205\"\n\t\t\t\n\t\t><div class=\"ow-button-base ow-button-align-center\">\n\t\t\t<a\n\t\t\t\t\thref=\"https:\/\/api.whatsapp.com\/send?1=pt_BR&#038;phone=5531991837317\"\n\t\t\t\t\tclass=\"sowb-button ow-icon-placement-left ow-button-hover\" target=\"_blank\" rel=\"noopener noreferrer\" \t>\n\t\t<span>\n\t\t\t<span class=\"sow-icon-fontawesome sow-fab\" data-sow-icon=\"&#xf232;\"\n\t\tstyle=\"color: #ffffff\" \n\t\taria-hidden=\"true\"><\/span>\n\t\t\tAGENDE SUA CONSULTA\t\t<\/span>\n\t\t\t<\/a>\n\t<\/div>\n<\/div><\/div><\/div><\/div><div id=\"pgc-205-2-1\"  class=\"panel-grid-cell\" ><div id=\"panel-205-2-1-0\" class=\"so-panel widget widget_sow-editor panel-first-child\" data-index=\"19\" ><div style=\"text-align: left;\" data-title-color=\"#ffffff\" data-headings-color=\"#ffffff\" class=\"panel-widget-style panel-widget-style-for-205-2-1-0\" ><div\n\t\t\t\n\t\t\tclass=\"so-widget-sow-editor so-widget-sow-editor-base\"\n\t\t\t\n\t\t><h3 class=\"widget-title\">ONDE ESTAMOS<\/h3>\n<div class=\"siteorigin-widget-tinymce textwidget\">\n\t<h5><strong>ODONTOLOGIA ESPECIALIZADA<br \/>\nDr. Paulo Rabelo Neto<br \/>\nDentista e Consult\u00f3rio Odontol\u00f3gico<\/strong><\/h5>\n<h5>Av. Bernardo de Vasconcelos, 2080 - Ipiranga<br \/>\nBelo Horizonte - MG<\/h5>\n<h6>Redes sociais<\/h6>\n<\/div>\n<\/div><\/div><\/div><div id=\"panel-205-2-1-1\" class=\"so-panel widget widget_sow-social-media-buttons panel-last-child\" data-index=\"20\" ><div style=\"text-align: left;\" data-title-color=\"#443f3f\" data-headings-color=\"#443f3f\" class=\"panel-widget-style panel-widget-style-for-205-2-1-1\" ><div\n\t\t\t\n\t\t\tclass=\"so-widget-sow-social-media-buttons so-widget-sow-social-media-buttons-atom-fc729879233c-205\"\n\t\t\t\n\t\t>\n\n<div class=\"social-media-button-container\">\n\t\n\t\t<a class=\"ow-button-hover sow-social-media-button-instagram-0 sow-social-media-button\" title=\"PAULO RABELO NETO em Instagram\" aria-label=\"PAULO RABELO NETO em Instagram\" target=\"_blank\" rel=\"noopener noreferrer\" href=\"https:\/\/www.instagram.com\/odontologiapaulorabelo\/\" >\n\t\t\t<span>\n\t\t\t\t\t\t\t\t<span class=\"sow-icon-fontawesome sow-fab\" data-sow-icon=\"&#xf16d;\"\n\t\t \n\t\taria-hidden=\"true\"><\/span>\t\t\t\t\t\t\t<\/span>\n\t\t<\/a>\n\t<\/div>\n<\/div><\/div><\/div><\/div><\/div><\/div><\/div>","protected":false},"excerpt":{"rendered":"<p>Clareamento Dental Odontologia Preventiva Implante Dent\u00e1rio Pr\u00f3tese Dent\u00e1ria Fixa Aplica\u00e7\u00e3o de Fl\u00faor Enxerto \u00d3sseo no implante dent\u00e1rio Sensibilidade nos Dentes Pr\u00f3tese sob Implantes Dentes do Siso Tratamento de Canal no Dente Aparelhos Fixos e M\u00f3veis Periodontite Odontologia Est\u00e9tica Odontologia Restauradora Gengivite Dentista Dr. Paulo Rabelo Neto Especialista em Pr\u00f3tese pela ABO de Alfenas\/MG Dr. Paulo [&hellip;]<\/p>\n","protected":false},"author":1,"featured_media":0,"parent":0,"menu_order":0,"comment_status":"closed","ping_status":"closed","template":"page-templates\/page_front-page.php","meta":{"footnotes":""},"_links":{"self":[{"href":"https:\/\/paulorabeloneto.com.br\/index.php?rest_route=\/wp\/v2\/pages\/205"}],"collection":[{"href":"https:\/\/paulorabeloneto.com.br\/index.php?rest_route=\/wp\/v2\/pages"}],"about":[{"href":"https:\/\/paulorabeloneto.com.br\/index.php?rest_route=\/wp\/v2\/types\/page"}],"author":[{"embeddable":true,"href":"https:\/\/paulorabeloneto.com.br\/index.php?rest_route=\/wp\/v2\/users\/1"}],"replies":[{"embeddable":true,"href":"https:\/\/paulorabeloneto.com.br\/index.php?rest_route=%2Fwp%2Fv2%2Fcomments&post=205"}],"version-history":[{"count":507,"href":"https:\/\/paulorabeloneto.com.br\/index.php?rest_route=\/wp\/v2\/pages\/205\/revisions"}],"predecessor-version":[{"id":1163,"href":"https:\/\/paulorabeloneto.com.br\/index.php?rest_route=\/wp\/v2\/pages\/205\/revisions\/1163"}],"wp:attachment":[{"href":"https:\/\/paulorabeloneto.com.br\/index.php?rest_route=%2Fwp%2Fv2%2Fmedia&parent=205"}],"curies":[{"name":"wp","href":"https:\/\/api.w.org\/{rel}","templated":true}]}}